{"id":36,"date":"2019-01-06T12:58:25","date_gmt":"2019-01-06T11:58:25","guid":{"rendered":"http:\/\/rictrans.at.w0183b2d.kasserver.com\/?page_id=36"},"modified":"2025-11-09T21:15:47","modified_gmt":"2025-11-09T20:15:47","slug":"impressum","status":"publish","type":"page","link":"https:\/\/rictrans.at\/?page_id=36","title":{"rendered":"Impressum"},"content":{"rendered":"\n<p>Unternehmensdaten gem\u00e4\u00df UGB<\/p>\n\n\n\n<hr class=\"wp-block-separator has-css-opacity\"\/>\n\n\n\n<figure class=\"wp-block-table\"><table><tbody><tr><td><strong>Firmeninhaber \/ Gesch\u00e4ftsf\u00fchrer:<\/strong><\/td><td>Mag. Dalibor Ristic<\/td><\/tr><tr><td><strong>UID:<\/strong><\/td><td>ATU60431900<\/td><\/tr><tr><td><strong>Firmenbuchnr.:<\/strong><\/td><td>133630s  <\/td><\/tr><tr><td><strong>Firmengericht:<\/strong><\/td><td>Landesgericht Eisenstadt<\/td><\/tr><tr><td><strong>Adresse:<\/strong><\/td><td>Eisenst\u00e4dterstra\u00dfe 98<br>A-7021 Dra\u00dfburg<\/td><\/tr><tr><td><strong>B\u00fcro:<\/strong><\/td><td>Ullmannstrasse 13\/3<br>1150 Wien<\/td><\/tr><tr><td><strong>Telefon:<\/strong><\/td><td>+43 1 8929863<\/td><\/tr><tr><td><strong>FAX:<\/strong><\/td><td>+43 1 8929189<\/td><\/tr><tr><td><strong>Webseite:<\/strong><\/td><td>http:\/\/www.rictrans.at<\/td><\/tr><tr><td><strong>E-Mail:<\/strong><\/td><td><a href=\"mailto:office@rictrans.at\">office@rictrans.at<\/a><\/td><\/tr><tr><td><strong>Bankverbindung:<\/strong><\/td><td>Erste Bank<\/td><\/tr><tr><td><strong>Swift(BIC):<\/strong><\/td><td>GIBAATWWXXX<\/td><\/tr><tr><td><strong>IBAN:<\/strong><\/td><td>AT<\/td><\/tr><\/tbody><\/table><\/figure>\n\n\n\n<hr class=\"wp-block-separator has-css-opacity\"\/>\n\n\n\n<h2 class=\"wp-block-heading\"><strong>Medieninhaber \/ Blattlinie gem\u00e4\u00df \u00a7 24 MedienG<\/strong><\/h2>\n\n\n\n<p>Medieninhaber: <strong>RIC Transport GmbH<\/strong><br>Sitz: 7021 Dra\u00dfburg<br><br>Information \u00fcber das Unternehmen, dessen Dienstleistungen sowie Kontaktm\u00f6glichkeiten.<\/p>\n\n\n\n<hr class=\"wp-block-separator has-alpha-channel-opacity\"\/>\n\n\n\n<h2 class=\"wp-block-heading\"><strong>Haftungsausschluss<\/strong><\/h2>\n\n\n\n<p>Die Inhalte dieser Website wurden sorgf\u00e4ltig gepr\u00fcft und erstellt. F\u00fcr Richtigkeit, Vollst\u00e4ndigkeit und Aktualit\u00e4t wird jedoch keine Haftung \u00fcbernommen.<br>Trotz sorgf\u00e4ltiger Kontrolle \u00fcbernehmen wir keine Haftung f\u00fcr Inhalte externer Links. F\u00fcr den Inhalt verlinkter Seiten sind ausschlie\u00dflich deren Betreiber verantwortlich.<\/p>\n\n\n\n<hr class=\"wp-block-separator has-alpha-channel-opacity\"\/>\n\n\n\n<h2 class=\"wp-block-heading\"><strong>Urheberrecht<\/strong><\/h2>\n\n\n\n<p>Alle Inhalte, Texte und Bilder dieser Website unterliegen dem Urheberrecht. Jede Verwendung au\u00dferhalb der Grenzen des Urheberrechts ist ohne schriftliche Zustimmung der RIC Transport GmbH unzul\u00e4ssig.<\/p>\n\n\n\n<p><\/p>\n","protected":false},"excerpt":{"rendered":"<p>Unternehmensdaten gem\u00e4\u00df UGB Firmeninhaber \/ Gesch\u00e4ftsf\u00fchrer: Mag. Dalibor Ristic UID: ATU60431900 Firmenbuchnr.: 133630s Firmengericht: Landesgericht Eisenstadt Adresse: Eisenst\u00e4dterstra\u00dfe 98A-7021 Dra\u00dfburg B\u00fcro: Ullmannstrasse 13\/31150 Wien Telefon: +43 1 8929863 FAX: +43 1 8929189 Webseite: http:\/\/www.rictrans.at E-Mail: office@rictrans.at Bankverbindung: Erste Bank Swift(BIC): GIBAATWWXXX IBAN: AT Medieninhaber \/ Blattlinie gem\u00e4\u00df \u00a7 24 MedienG Medieninhaber: RIC Transport GmbHSitz: 7021 [&hellip;]<\/p>\n","protected":false},"author":1,"featured_media":6,"parent":0,"menu_order":0,"comment_status":"closed","ping_status":"closed","template":"","meta":{"footnotes":""},"class_list":["post-36","page","type-page","status-publish","has-post-thumbnail","hentry"],"_links":{"self":[{"href":"https:\/\/rictrans.at\/index.php?rest_route=\/wp\/v2\/pages\/36","targetHints":{"allow":["GET"]}}],"collection":[{"href":"https:\/\/rictrans.at\/index.php?rest_route=\/wp\/v2\/pages"}],"about":[{"href":"https:\/\/rictrans.at\/index.php?rest_route=\/wp\/v2\/types\/page"}],"author":[{"embeddable":true,"href":"https:\/\/rictrans.at\/index.php?rest_route=\/wp\/v2\/users\/1"}],"replies":[{"embeddable":true,"href":"https:\/\/rictrans.at\/index.php?rest_route=%2Fwp%2Fv2%2Fcomments&post=36"}],"version-history":[{"count":10,"href":"https:\/\/rictrans.at\/index.php?rest_route=\/wp\/v2\/pages\/36\/revisions"}],"predecessor-version":[{"id":146,"href":"https:\/\/rictrans.at\/index.php?rest_route=\/wp\/v2\/pages\/36\/revisions\/146"}],"wp:featuredmedia":[{"embeddable":true,"href":"https:\/\/rictrans.at\/index.php?rest_route=\/wp\/v2\/media\/6"}],"wp:attachment":[{"href":"https:\/\/rictrans.at\/index.php?rest_route=%2Fwp%2Fv2%2Fmedia&parent=36"}],"curies":[{"name":"wp","href":"https:\/\/api.w.org\/{rel}","templated":true}]}}