{"id":32,"date":"2019-01-06T12:58:25","date_gmt":"2019-01-06T11:58:25","guid":{"rendered":"http:\/\/rictrans.at.w0183b2d.kasserver.com\/?page_id=32"},"modified":"2025-11-09T20:48:00","modified_gmt":"2025-11-09T19:48:00","slug":"ueber-uns","status":"publish","type":"page","link":"https:\/\/rictrans.at\/?page_id=32","title":{"rendered":"\u00dcber uns"},"content":{"rendered":"\n<hr class=\"wp-block-separator has-css-opacity\"\/>\n\n\n\n<div class=\"wp-block-group\"><div class=\"wp-block-group__inner-container is-layout-flow wp-block-group-is-layout-flow\">\n<p>Wir sind ein spezialisierter Transportdienstleister mit Fokus auf den regionalen G\u00fctertransport in Wien, Nieder\u00f6sterreich und dem Burgenland. Unser Kerngesch\u00e4ft richtet sich ausschlie\u00dflich an den B2B-Sektor. Wir arbeiten direkt mit Industrie- und Handelsunternehmen zusammen und bieten Transportl\u00f6sungen, die auf kurze Reaktionszeiten, Pr\u00e4zision und hohe Auslastung ausgelegt sind.<\/p>\n<\/div><\/div>\n\n\n\n<div class=\"wp-block-group\"><div class=\"wp-block-group__inner-container is-layout-flow wp-block-group-is-layout-flow\">\n<p>Unsere Spezialisierung liegt im Bereich der Planen-Lkw, insbesondere in der Abwicklung von Komplettladungen. Wir transportieren \u00fcberwiegend St\u00fcckgut und stellen sicher, dass jedes Transportgut sorgf\u00e4ltig, effizient und nachvollziehbar bewegt wird. Erg\u00e4nzend zu unseren Standardleistungen verf\u00fcgen wir \u00fcber umfassende Erfahrung im sicheren Umgang mit Gefahrg\u00fctern. Alle Transporte werden gem\u00e4\u00df geltenden Vorschriften durchgef\u00fchrt und durch geschulte Mitarbeiter begleitet. <\/p>\n<\/div><\/div>\n\n\n\n<hr class=\"wp-block-separator has-css-opacity\"\/>\n\n\n\n<h2 class=\"wp-block-heading\">Partner und Referenzen<\/h2>\n\n\n\n<p>F\u00fcr die Durchf\u00fchrung unserer Transportleistungen stehen uns mehr als 100 eigene Lkw sowie \u00fcber 130 qualifizierte Mitarbeiter zur Verf\u00fcgung. Diese Infrastruktur erm\u00f6glicht eine hohe Unabh\u00e4ngigkeit, schnelle Reaktionsf\u00e4higkeit und flexible Einsatzplanung \u2013 auch bei kurzfristigen Anforderungen.<\/p>\n\n\n\n<p>Unsere Zuverl\u00e4ssigkeit, Termintreue und Servicequalit\u00e4t spiegeln sich in langj\u00e4hrigen Partnerschaften mit renommierten Unternehmen wider. Zu unseren Referenzen z\u00e4hlen unter anderem:<\/p>\n\n\n\n<ul class=\"wp-block-list\">\n<li>Q-Logistic<\/li>\n\n\n\n<li>DB Schenker<\/li>\n\n\n\n<li>DHL<\/li>\n\n\n\n<li>\u00d6sterreichische Post<\/li>\n\n\n\n<li>G. Englmayer<br>\u2026 sowie zahlreiche weitere nationale und internationale Kunden<\/li>\n<\/ul>\n\n\n\n<hr class=\"wp-block-separator has-css-opacity\"\/>\n\n\n\n<p>Diese Kooperationen best\u00e4tigen unsere Position als verl\u00e4sslicher Partner im regionalen Transportverkehr und unterstreichen die Qualit\u00e4t unseres Leistungsangebotes.<\/p>\n","protected":false},"excerpt":{"rendered":"<p>Wir sind ein spezialisierter Transportdienstleister mit Fokus auf den regionalen G\u00fctertransport in Wien, Nieder\u00f6sterreich und dem Burgenland. Unser Kerngesch\u00e4ft richtet sich ausschlie\u00dflich an den B2B-Sektor. Wir arbeiten direkt mit Industrie- und Handelsunternehmen zusammen und bieten Transportl\u00f6sungen, die auf kurze Reaktionszeiten, Pr\u00e4zision und hohe Auslastung ausgelegt sind. Unsere Spezialisierung liegt im Bereich der Planen-Lkw, insbesondere in [&hellip;]<\/p>\n","protected":false},"author":1,"featured_media":0,"parent":0,"menu_order":0,"comment_status":"closed","ping_status":"closed","template":"","meta":{"footnotes":""},"class_list":["post-32","page","type-page","status-publish","hentry"],"_links":{"self":[{"href":"https:\/\/rictrans.at\/index.php?rest_route=\/wp\/v2\/pages\/32","targetHints":{"allow":["GET"]}}],"collection":[{"href":"https:\/\/rictrans.at\/index.php?rest_route=\/wp\/v2\/pages"}],"about":[{"href":"https:\/\/rictrans.at\/index.php?rest_route=\/wp\/v2\/types\/page"}],"author":[{"embeddable":true,"href":"https:\/\/rictrans.at\/index.php?rest_route=\/wp\/v2\/users\/1"}],"replies":[{"embeddable":true,"href":"https:\/\/rictrans.at\/index.php?rest_route=%2Fwp%2Fv2%2Fcomments&post=32"}],"version-history":[{"count":10,"href":"https:\/\/rictrans.at\/index.php?rest_route=\/wp\/v2\/pages\/32\/revisions"}],"predecessor-version":[{"id":136,"href":"https:\/\/rictrans.at\/index.php?rest_route=\/wp\/v2\/pages\/32\/revisions\/136"}],"wp:attachment":[{"href":"https:\/\/rictrans.at\/index.php?rest_route=%2Fwp%2Fv2%2Fmedia&parent=32"}],"curies":[{"name":"wp","href":"https:\/\/api.w.org\/{rel}","templated":true}]}}